{"id":3569,"date":"2025-01-07T08:55:26","date_gmt":"2025-01-07T08:55:26","guid":{"rendered":"https:\/\/clopyhotels.com\/condiciones-generales-de-reserva\/"},"modified":"2025-01-15T13:20:16","modified_gmt":"2025-01-15T13:20:16","slug":"condiciones-generales-de-reserva","status":"publish","type":"page","link":"https:\/\/clopyhotels.com\/en\/condiciones-generales-de-reserva\/","title":{"rendered":"Condiciones generales de reserva"},"content":{"rendered":"\t\t<div data-elementor-type=\"wp-page\" data-elementor-id=\"3569\" class=\"elementor elementor-3569 elementor-3197\" data-elementor-post-type=\"page\">\n\t\t\t\t<div class=\"elementor-element elementor-element-1ca65017 e-flex e-con-boxed e-con e-parent\" data-id=\"1ca65017\" data-element_type=\"container\" data-e-type=\"container\">\n\t\t\t\t\t<div class=\"e-con-inner\">\n\t\t\t\t<div class=\"elementor-element elementor-element-4b5690d elementor-widget elementor-widget-heading\" data-id=\"4b5690d\" data-element_type=\"widget\" data-e-type=\"widget\" data-widget_type=\"heading.default\">\n\t\t\t\t<div class=\"elementor-widget-container\">\n\t\t\t\t\t<h1 class=\"elementor-heading-title elementor-size-default\">Condiciones generales de reserva<\/h1>\t\t\t\t<\/div>\n\t\t\t\t<\/div>\n\t\t\t\t<div class=\"elementor-element elementor-element-469329af elementor-widget elementor-widget-text-editor\" data-id=\"469329af\" data-element_type=\"widget\" data-e-type=\"widget\" data-widget_type=\"text-editor.default\">\n\t\t\t\t<div class=\"elementor-widget-container\">\n\t\t\t\t\t\t\t\t\t\n<p><strong>1.- IDENTIFICACI\u00d3N DE LAS PARTES.<\/strong><\/p>\n\n<p>De una parte, CLOPY HOTELS INVEST XXI, S.L., en adelante <strong>CLOPY,<\/strong> con domicilio en Carrer Quatre Cantons, n\u00fam 20, 037501 Benidorm (Alicante) y provista de CIF\/NIF B-70898994, y titular del dominio WWW.CLOPYHOTELS.COM, en adelante <em>Website<\/em>.<\/p>\n\n<p>Y de otra parte, la <strong>Persona Usuaria<\/strong>, aquella que reserva los servicios que se ofrecen a trav\u00e9s del <em>Website<\/em> y cuyos datos identificativos son los facilitados directamente por esta mediante la incorporaci\u00f3n de sus datos a los distintos formularios que <strong>CLOPY <\/strong>pone a su disposici\u00f3n para acceder a cualquiera de los servicios que se ofrecen a trav\u00e9s del <em>Website<\/em>.<\/p>\n\n<p><strong>2.- LEGISLACI\u00d3N APLICABLE.<\/strong><\/p>\n\n<p>Las presentes Condiciones Generales de Reserva, est\u00e1n sujetas a la legislaci\u00f3n espa\u00f1ola, a lo dispuesto en la Ley 7\/1998, de 13 de abril, sobre Condiciones Generales de Reserva; en el Real Decreto Legislativo 1\/2007, de 16 de noviembre, por el que se aprueba el texto refundido de la Ley General para la Defensa de los Consumidores y Usuarios y otras leyes complementarias; en el Real Decreto 1906\/1999, de 17 de diciembre, por el que se regula la Reserva Telef\u00f3nica o Electr\u00f3nica con Condiciones Generales; Ley Org\u00e1nica 3\/2018, de 5 de diciembre, de Protecci\u00f3n de Datos Personales y garant\u00eda de los derechos digitales; la Ley 7\/1996, de 15 de enero, de Ordenaci\u00f3n del Comercio Minorista; y en la Ley 34\/2002, de 11 de julio, de Servicios de la Sociedad de la Informaci\u00f3n y del Comercio Electr\u00f3nico.<\/p>\n\n<p><strong>3.- \u00c1MBITO DE APLICACI\u00d3N, ACEPTACI\u00d3N Y MODIFICACI\u00d3N.<\/strong><\/p>\n\n<p>Las presentes Condiciones Generales de Reserva, en adelanta CGR, rigen la prestaci\u00f3n de los servicios, tienen por objeto regular el acceso y r\u00e9gimen de adquisici\u00f3n de los servicios facilitados por <strong>CLOPY <\/strong>a la persona usuaria a trav\u00e9s del <em>Website<\/em>, constituyendo el marco jur\u00eddico que desarrolla la relaci\u00f3n contractual.<\/p>\n\n<p>La persona Usuaria tendr\u00e1 acceso siempre y en todo caso, con car\u00e1cter previo al inicio del procedimiento de Reserva de los servicios, a las CGR, pudiendo ser almacenadas y\/o reproducidas en un soporte duradero. <\/p>\n\n<p><strong>CLOPY <\/strong>pone a disposici\u00f3n de la Persona Usuaria una direcci\u00f3n de correo electr\u00f3nico, recepcionrocamar@clopyhotels.com, en la que puede contactar a trav\u00e9s del formulario de contacto al objeto de atender cualquier duda en relaci\u00f3n a las presentes CGR.<\/p>\n\n<p><strong>La Persona Usuaria<\/strong> acepta expresamente la adhesi\u00f3n plena y sin reservas a las presentes estipulaciones en la versi\u00f3n publicada por <strong>CLOPY<\/strong> en el momento en que la Persona Usuaria <strong>accede<\/strong> al <em>Website<\/em> y haya podido acceder a estas CGR, o contrate los servicios en los que est\u00e9 interesada.<\/p>\n\n<p>La <strong>Persona Usuaria<\/strong> se compromete a leer atentamente las CGR, cada vez que proceda a la Reserva de alg\u00fan servicio, dado que las mismas han podido ser objeto de modificaci\u00f3n desde la \u00faltima vez que accedi\u00f3.<\/p>\n\n<p>Mediante la aceptaci\u00f3n de las presentes CGR la Persona Usuaria declara:<\/p>\n\n<ul class=\"wp-block-list\">\n<li>Que es una persona con capacidad para contratar.<\/li>\n\n<li>Que ha le\u00eddo y acepta las presentes CGR.<\/li>\n<\/ul>\n\n<p>La <strong>Persona Usuaria<\/strong>, la cual declara que ostenta suficiente <strong>capacidad legal*<\/strong> para contratar, quedar\u00e1 vinculada a las presentes CGR en el momento en que efect\u00fae una reserva en cualquiera de los canales arriba indicados.<\/p>\n\n<p><em>*<\/em><strong><em>LIMITACIONES LEGALES:<\/em><\/strong><em> Se entiende que la persona usuaria no es <\/em><em><s>un <\/s><\/em> <em>menor de 18 a\u00f1os. Los menores de edad tienen t\u00e9cnicamente restringido el registro a este sitio Web y por lo tanto no podr\u00e1n realizar compras ni reservas, en cumplimiento de la normativa legal. No se tratar\u00e1n los datos que sean enviados por menores, dado que la legislaci\u00f3n lo impide  <\/em><em>.<\/em><\/p>\n\n<p><strong>4.- MODIFICACI\u00d3N.<\/strong><\/p>\n\n<p><strong>CLOPY <\/strong>podr\u00e1 modificar las presentes CGR, sin que ello pueda afectar a los servicios adquiridos por las <strong>Personas Usuarias<\/strong> con car\u00e1cter previo a la modificaci\u00f3n, siempre que exista causa o motivo suficiente para ello. Se entiende que existe causa o motivo suficiente para la modificaci\u00f3n, con car\u00e1cter enunciativo y no limitativo, cuando \u00e9sta tenga por finalidad: <\/p>\n\n<ul class=\"wp-block-list\">\n<li>Ampliar la gama o n\u00famero de servicios que se ponen a disposici\u00f3n de la persona usuaria o mejorar los existentes.<\/li>\n\n<li>Adaptar los servicios objeto del presente contrato a los avances que puedan producirse debido al desarrollo de las nuevas tecnolog\u00edas de la informaci\u00f3n.<\/li>\n\n<li>Modificar, sustituir o actualizar los precios de los servicios que se ofrecen a trav\u00e9s del <em>Website<\/em>.<\/li>\n<\/ul>\n\n<p><strong>5.- OBLIGACIONES DE LAS PARTES.<\/strong><\/p>\n\n<p>Estas Condiciones Generales de Reserva se aplican a cualquier Reserva de servicios a trav\u00e9s del <em>Website<\/em>.<\/p>\n\n<p><strong>5.1.- Obligaciones de CLOPY:<\/strong><\/p>\n\n<p><strong>CLOPY <\/strong>se compromete a cumplir con las siguientes obligaciones contractuales derivadas de la relaci\u00f3n comercial con la <strong>Persona Usuaria<\/strong> consecuencia de la Reserva de servicios por parte de la misma:<\/p>\n\n<ul class=\"wp-block-list\">\n<li>Prestar con las m\u00e1ximas garant\u00edas a la <strong>Persona Usuaria<\/strong>, los servicios solicitados por esta conforme a lo dispuesto en las presentes Condiciones Generales de Reserva y sin faltar a la buena fe contractual.<\/li>\n\n<li>Informar expresamente a la <strong>Persona Usuaria<\/strong> de la existencia de las presentes CGR con car\u00e1cter previo al inicio del procedimiento de Reserva.<\/li>\n\n<li>Informar a la <strong>Persona Usuaria<\/strong> con car\u00e1cter previo a la Reserva y de manera concreta, clara, precisa e inequ\u00edvoca, de las caracter\u00edsticas espec\u00edficas de los servicios solicitados, tales como el precio de los mismos y los impuestos que le sean de aplicaci\u00f3n.<\/li>\n\n<li>Poner a disposici\u00f3n de la <strong>Persona Usuaria<\/strong> un ejemplar del texto de las CGR. Asimismo, y para aquellos servicios que as\u00ed lo requieran se pondr\u00e1 a disposici\u00f3n de la <strong>Persona Usuaria<\/strong> con car\u00e1cter previo a la Reserva las Condiciones Particulares que sean de aplicaci\u00f3n. <\/li>\n\n<li>Cumplir con lo preceptuado en la normativa sobre los derechos de las personas consumidoras y usuarias.<\/li>\n<\/ul>\n\n<p><strong>5.2.- Obligaciones de la persona usuaria:<\/strong><\/p>\n\n<p>Por su parte, <strong>la persona usuaria<\/strong> se compromete a las siguientes obligaciones contractuales:<\/p>\n\n<ul class=\"wp-block-list\">\n<li>Llevar a cabo el \u00edntegro cumplimiento de lo establecido en las presentes Condiciones Generales de Reserva en la Reserva de los servicios ofertados por el <em>Website<\/em>.<\/li>\n\n<li>Completar los formularios de registro previos al inicio del procedimiento de Reserva con informaci\u00f3n veraz y actual para poder acceder a cualquiera de los servicios ofertados en el <em>Website<\/em>. Asimismo, la persona usuaria garantiza y ser\u00e1 responsable de mantenerlos completamente actualizados mientras dure su condici\u00f3n de <strong>Persona Usuaria<\/strong> en el <em>Website<\/em>.  <\/li>\n\n<li>Completar los formularios de acceso a los servicios, con informaci\u00f3n veraz y actual ya que dichos datos son necesarios para la emisi\u00f3n, en su caso, de la factura por <strong>CLOPY<\/strong> y el cobro de los servicios contratados.<\/li>\n\n<li>Facilitar de forma correcta los datos bancarios solicitados por <strong>CLOPY<\/strong>, as\u00ed como abonar el precio de los servicios contratados de conformidad con la forma de pago elegida y con las tarifas vigentes publicadas por <strong>CLOPY<\/strong> en el <em>Website<\/em> en el momento de la Reserva.<\/li>\n\n<li>Omitir el env\u00edo de mensajes que de alg\u00fan modo impidan o dificulten el normal funcionamiento de los servicios ofrecidos por el <em>Website<\/em>. En cualquier caso, la <strong>Persona Usuaria<\/strong> ser\u00e1 \u00fanica y total responsable del contenido de los mensajes que escriba o env\u00ede, as\u00ed como de los datos que facilite. <\/li>\n<\/ul>\n\n<p><strong>6.- CONDICIONES DE PAGO. PERFECCIONAMIENTO PRECONTRACTUAL Y CONTRACTUAL. <\/strong><\/p>\n\n<p>Las reservas se pueden efectuar, como ya se ha indicado, a trav\u00e9s de tres canales: <em>Website<\/em>, e-mail o llamada telef\u00f3nica.<\/p>\n\n<p>En el momento de realizar la reserva a trav\u00e9s de la <em>Website<\/em>, la Persona Usuaria recibir\u00e1 un e-mail de confirmaci\u00f3n de la reserva, en el que le solicitar\u00e1n un n\u00famero de tarjeta bancaria para proceder al cargo de la garant\u00eda de reserva, en el momento en que la Persona Usuaria facilite el n\u00famero de tarjeta bancaria valida, ser\u00e1 cuando se entender\u00e1 formalizada la reserva, disponiendo de un plazo de 24 horas desde la fecha de envi\u00f3 del email para facilitar el n\u00famero de la tarjeta bancaria, de no facilitarse en ese plazo se entender\u00e1 por no realizada la reserva.<\/p>\n\n<p>Los cargos del total de la reserva se llevar a cabo en la tarjeta facilitada por la Persona usuaria.<\/p>\n\n<p>Las partes quedar\u00e1n vinculadas por este contrato, en el momento en que la Persona Usuaria facilita la tarjeta bancaria y se haga el cargo de reserva, con anterioridad a este acto no existe relaci\u00f3n contractual alguna entre las partes, ni se entender\u00e1 por realizada la reserva.<\/p>\n\n<p><strong>7.- DISPONIBILIDAD.<\/strong><\/p>\n\n<p>Si <strong>CLOPY<\/strong>, a pesar de actuar con la previsi\u00f3n y diligencia debidas, no pudiese facilitar las habitaciones contratadas por razones que no les sean imputables y si existiera imposibilidad de prestar los servicios en las condiciones pactadas, <strong>CLOPY <\/strong>ofrecer\u00e1 a la <strong>Persona Usuaria<\/strong> la posibilidad de optar por el reembolso total de lo abonado o por su sustituci\u00f3n por otro de similares caracter\u00edsticas en cuanto a categor\u00eda o calidad. Si de la sustituci\u00f3n el servicio resultase de inferior categor\u00eda o calidad, <strong>CLOPY <\/strong>deber\u00e1 rembolsar\u00e1 la diferencia. <\/p>\n\n<p><strong>8.- PRECIOS.<\/strong><\/p>\n\n<p>Los precios publicados en la web incluyen el IVA correspondiente, as\u00ed como los impuestos adicionales seg\u00fan la tarifa impositiva aplicable en el momento de la contrataci\u00f3n. La persona usuaria podr\u00e1 conocer el importe de tales costes con anterioridad al momento de realizar la reserva de los servicios. <\/p>\n\n<p>Los precios de los alojamientos se indican, seg\u00fan los casos, por habitaci\u00f3n, noche y n\u00famero de personas que vayan a pernoctar. <strong>CLOPY <\/strong>no se responsabiliza de los posibles errores en los precios publicados. En caso de error en el precio de los servicios que la persona usuaria ha contratado, le informaremos lo antes posible y le daremos la opci\u00f3n de reconfirmar su reserva al precio correcto o bien anularlo. Si no logramos ponernos en contacto con la persona Usuaria, la Reserva se considerar\u00e1 cancelada y se le reembolsar\u00e1n \u00edntegramente las cantidades que hubiesen sido abonadas.  <\/p>\n\n<p><strong>CLOPY <\/strong>se reserva el derecho a modificar la lista de precios publicados en el <em>Website<\/em>, cuando as\u00ed lo considere conveniente. En todo caso, lo anterior no ser\u00e1 de aplicaci\u00f3n para aquellos servicios contratados con anterioridad a la modificaci\u00f3n. <\/p>\n\n<p><strong>9.- FORMAS DE PAGO<\/strong><\/p>\n\n<p>La persona usuaria dispone de los siguientes medios de pago:<\/p>\n\n<ul class=\"wp-block-list\">\n<li>Tarjeta Cr\u00e9dito (MasterCard y Visa).<\/li>\n\n<li>Bizum.<\/li>\n\n<li>Paypal.<\/li>\n<\/ul>\n\n<p><strong>10.- ENTRADA Y SALIDA.<\/strong><\/p>\n\n<p>Por lo que respeta a la hora de entrada corresponder\u00e1 a las 16:00 horas, y en cuanto a la hora de salida, se deber\u00e1 abandonar la habitaci\u00f3n a las 12:00 horas. <\/p>\n\n<p><strong>11. &#8211; CONDICIONES PARA NI\u00d1OS Y CAMAS SUPLETORIAS<\/strong><\/p>\n\n<p>Las personas menores de 18 a\u00f1os deber\u00e1n alojarse en el Hotel acompa\u00f1ados de sus familias directas o personas adultas debidamente autorizadas por aqu\u00e9llas. El personal del Hotel podr\u00e1 requerir la documentaci\u00f3n pertinente que identifique a las personas adultas como sus familias o personas autorizadas. <\/p>\n\n<p>Para el caso de ni\u00f1os o ni\u00f1as de hasta 8 a\u00f1os, se alojar\u00e1n gratis en la misma habitaci\u00f3n de las personas adultas. Para disponibilidad de cunas, se deber\u00e1 contactar con anterioridad con el departamento de reservas del hotel. <\/p>\n\n<p>Para el caso de ni\u00f1os\/ni\u00f1as mayores de 8 a\u00f1os, el alojamiento no ser\u00e1 gratuito. <\/p>\n\n<p>Por parte de <strong>CLOPY<\/strong> se solicitar\u00e1 documentaci\u00f3n acreditativa de la edad del menor.<\/p>\n\n<p><strong>12.- PROCEDIMIENTO, DERECHOS DE CANCELACI\u00d3N Y DESISTIMIENTO, Y GARANT\u00cdA LEGAL.<\/strong><\/p>\n\n<p><strong>12.1.-<\/strong> <strong>Procedimiento.<\/strong><\/p>\n\n<p>Para el ejercicio de los derechos de cancelaci\u00f3n, desistimiento y uso de la garant\u00eda, la persona usuaria deber\u00e1 ponerse en contacto con <strong>CLOPY <\/strong>a trav\u00e9s de <strong>Tel. +34 966475650 <\/strong> o <a href=\"mailto:info@nogueramarhotel.com\">info@nogueramarhotel.com<\/a>.<\/p>\n\n<p><strong>12.2.- Derecho de Cancelaci\u00f3n.<\/strong><\/p>\n\n<p>En caso de cancelaci\u00f3n, modificaci\u00f3n o absentismo, ser\u00e1n de aplicaci\u00f3n las siguientes penalizaciones:<\/p>\n\n<p>Las reservas NO SON REEMBOLSABLES, no tendr\u00e1n opci\u00f3n de cancelaci\u00f3n y se cobrar\u00e1 el importe total de la reserva en el momento de efectuarse la misma. <\/p>\n\n<p>En caso de que la Persona Usuaria, ya alojada, abandone la habitaci\u00f3n o no se presentase no se proceder\u00e1 a la devoluci\u00f3n de cantidad alguna. Y para el caso de no presentarse en la fecha de inicio de la reserva, la misma solo se mantendr\u00e1 durante la primera noche. <\/p>\n\n<p><strong>12.3.- Derecho de Desistimiento.<\/strong><\/p>\n\n<p>De conformidad con el art. 103 letra L del Real Decreto Legislativo 1\/2007, de 16 de noviembre, por el que se aprueba el Texto Refundido de la Ley General por la Defensa de los Consumidores y Usuarios, \u201c<em>El derecho de desistimiento no ser\u00e1 aplicable a los contratos que se refieran a: El suministro de servicios de alojamiento para fines distintos del de servir de vivienda, transporte de bienes, alquiler de veh\u00edculos, comida o servicios relacionados con actividades de esparcimiento, si los contratos prev\u00e9n una fecha o un periodo de ejecuci\u00f3n espec\u00edficos<\/em>\u201d.<\/p>\n\n<p><strong>13.- RESPONSABILIDAD DE LAS PARTES.<\/strong><\/p>\n\n<p><strong>13.1.- Responsabilidad de CLOPY.<\/strong><\/p>\n\n<p>El contenido del presente Website se presenta a los solos efectos de promocionar los servicios de <strong>CLOPY<\/strong>, sin ninguna otra garant\u00eda sea cual fuere su naturaleza.<\/p>\n\n<p>La persona usuaria queda advertida de que la utilizaci\u00f3n de sistemas electr\u00f3nicos comporta unos riesgos. <strong>CLOPY <\/strong>\u00fanicamente responder\u00e1 de los da\u00f1os que la persona usuaria pueda sufrir como consecuencia de la adquisici\u00f3n de los servicios.<\/p>\n\n<p>En particular, <strong>CLOPY <\/strong>se exime de cualquier responsabilidad por los eventuales da\u00f1os y perjuicios:<\/p>\n\n<ul class=\"wp-block-list\">\n<li>que puedan ocasionarse por la falta de disponibilidad y\/o continuidad del Website.<\/li>\n\n<li>que se genere a la <strong>Persona Usuaria<\/strong> en caso de imposibilidad de prestar el servicio objeto de las presentes Condiciones Generales de Reserva debido a supuestos de caso fortuito, fuerza mayor u otras causas no imputables a <strong>CLOPY <\/strong>. A estos efectos se consideran fuera de su control a t\u00edtulo enunciativo y no limitativo, (i) el m\u00f3dem, (ii) el sistema inform\u00e1tico dla persona usuaria, (iii) el software de navegaci\u00f3n, (iv) virus, (v) interconexi\u00f3n de redes telef\u00f3nicas y el\u00e9ctricas, (vi) ADSL, RDSI, y\/o cualquier otra infraestructura de transporte o telecomunicaciones utilizadas por la persona usuaria.       <\/li>\n\n<li>por el inadecuado funcionamiento del Website si ello obedece a labores de mantenimiento, a incidencias, a un defectuoso funcionamiento del terminal de la persona usuaria o su insuficiente capacidad para soportar los sistemas indispensables para hacer uso del servicio.<\/li>\n<\/ul>\n\n<p><strong>CLOPY <\/strong>no garantiza la ausencia de virus ni de otros elementos en el Website que puedan producir alteraciones en su sistema inform\u00e1tico, ni la utilidad, exactitud, actualizaci\u00f3n o infalibilidad de los contenidos o servicios no controlados por ellas.<\/p>\n\n<p><strong>CLOPY <\/strong>adoptar\u00e1 las medidas oportunas para asegurar una respuesta r\u00e1pida, pero no puede responsabilizarse por los retrasos que sean debidos a los servicios de telecomunicaciones, ni garantizar un plazo concreto de prestaci\u00f3n de los servicios.<\/p>\n\n<p><strong>13.2.- Responsabilidad de la persona usuaria.<\/strong><\/p>\n\n<p>La persona usuaria ser\u00e1 la \u00fanica responsable de las consecuencias derivadas por la comunicaci\u00f3n de datos que no sean verdaderos, as\u00ed como de datos pertenecientes a personas distintas a la propia <strong>Persona Usuaria<\/strong>.<\/p>\n\n<p>Adoptar las medidas de seguridad necesarias, tanto personales como materiales, para mantener la confidencialidad de su nombre de usuario y contrase\u00f1a, as\u00ed; como notificar inmediatamente a <strong>CLOPY <\/strong> la p\u00e9rdida, extrav\u00edo, sustracci\u00f3n, robo o acceso ileg\u00edtimo de su nombre de la persona usuaria, as\u00ed como su conocimiento por terceras personas.<\/p>\n\n<p>En caso de incumplimiento por parte de la persona usuaria de sus obligaciones contractuales, <strong>CLOPY <\/strong> se reserva las acciones legales oportunas, as\u00ed como el derecho a restringir el acceso a los servicios ofertados en el Website.<\/p>\n\n<p><strong>14.- INCUMPLIMIENTO CONTRACTUAL.<\/strong><\/p>\n\n<p>Ambas partes contratantes deber\u00e1n proceder al cumplimiento de las obligaciones asumidas en el presente contrato en los t\u00e9rminos establecidos a lo largo del mismo. En el supuesto de que cualquiera de ellas incumpliera alguna de las obligaciones esenciales del presente contrato, o las cumpliera de forma defectuosa, la parte que a su vez hubiera cumplido con las suyas podr\u00e1 considerar que ha existido incumplimiento del contrato en los t\u00e9rminos establecidos por el art\u00edculo 1.124 del C\u00f3digo Civil, quedando facultada para optar entre resolver el contrato o exigir cumplimiento, reclamando, en ambos casos, la correspondiente indemnizaci\u00f3n de da\u00f1os y perjuicios. <\/p>\n\n<p><strong>15. NOTIFICACIONES.<\/strong><\/p>\n\n<p>A los efectos de practicar las oportunas notificaciones, <strong>CLOPY <\/strong>designa como domicilio de contacto el especificado en el aviso legal.<\/p>\n\n<p>El correo electr\u00f3nico facilitado por la persona usuaria durante el proceso de registro en el <em>Website<\/em>, ser\u00e1 el utilizado por <strong>CLOPY <\/strong>a efectos de practicar notificaciones a la Persona Usuaria.<\/p>\n\n<p>La persona usuaria est\u00e1 obligada a mantener debidamente actualizados los datos que a efectos de notificaciones se referencian en la presente cl\u00e1usula.<\/p>\n\n<p>Todas las Notificaciones que efect\u00fae <strong>CLOPY <\/strong>a la <strong>Persona Usuaria<\/strong> se considerar\u00e1n v\u00e1lidamente efectuadas si se han realizado empleando los datos y a trav\u00e9s de los medios anteriormente se\u00f1alados. <strong>CLOPY <\/strong>no se responsabiliza de cualquier perjuicio que pudiere producirse por la vulneraci\u00f3n de la persona usuaria de su obligaci\u00f3n de mantenimiento actualizado de sus datos de contacto.<\/p>\n\n<p><strong>16. NULIDAD E INEFICACIA DE LAS CL\u00c1USULAS.<\/strong><\/p>\n\n<p>Si cualquier cl\u00e1usula incluida en estas Condiciones Generales de Reserva fuese declarada total o parcialmente nula o ineficaz, tal nulidad afectar\u00e1 tan s\u00f3lo a dicha disposici\u00f3n o la parte de la misma que resulte nula o ineficaz, subsistiendo en todo lo dem\u00e1s las Condiciones Generales de Reserva.<\/p>\n\n<p><strong>17. DURACI\u00d3N DE LAS CONDICIONES GENERALES DE RESERVA.<\/strong><\/p>\n\n<p>El periodo de validez de las presentes Condiciones Generales de Reserva, ser\u00e1 el tiempo que las mismas permanezcan publicadas en el <em>Website<\/em> y resultar\u00e1n de aplicaci\u00f3n desde el momento en que la persona usuaria proceda a la Reserva de cualesquiera de los servicios.<\/p>\n\n<p><strong>18. IDIOMA.<\/strong><\/p>\n\n<p>El idioma por el que se establecen las condiciones generales de reserva es el castellano.<\/p>\n\n<p><strong>19. JURISDICCI\u00d3N COMPETENTE.<\/strong><\/p>\n\n<p>En caso de litigio entre las partes, la competencia territorial corresponder\u00e1, de forma imperativa, para la resoluci\u00f3n de conflictos a los Juzgados de Benidorm.<\/p>\n\t\t\t\t\t\t\t\t<\/div>\n\t\t\t\t<\/div>\n\t\t\t\t\t<\/div>\n\t\t\t\t<\/div>\n\t\t\t\t<\/div>\n\t\t","protected":false},"excerpt":{"rendered":"<p>Condiciones generales de reserva 1.- IDENTIFICACI\u00d3N DE LAS PARTES. De una parte, CLOPY HOTELS INVEST XXI, S.L., en adelante CLOPY, con domicilio en Carrer Quatre Cantons, n\u00fam 20, 037501 Benidorm (Alicante) y provista de CIF\/NIF B-70898994, y titular del dominio WWW.CLOPYHOTELS.COM, en adelante Website. Y de otra parte, la Persona Usuaria, aquella que reserva los [&hellip;]<\/p>\n","protected":false},"author":1,"featured_media":0,"parent":0,"menu_order":0,"comment_status":"closed","ping_status":"closed","template":"","meta":{"_acf_changed":false,"_mo_disable_npp":"","footnotes":""},"class_list":["post-3569","page","type-page","status-publish","hentry"],"acf":[],"_links":{"self":[{"href":"https:\/\/clopyhotels.com\/en\/wp-json\/wp\/v2\/pages\/3569","targetHints":{"allow":["GET"]}}],"collection":[{"href":"https:\/\/clopyhotels.com\/en\/wp-json\/wp\/v2\/pages"}],"about":[{"href":"https:\/\/clopyhotels.com\/en\/wp-json\/wp\/v2\/types\/page"}],"author":[{"embeddable":true,"href":"https:\/\/clopyhotels.com\/en\/wp-json\/wp\/v2\/users\/1"}],"replies":[{"embeddable":true,"href":"https:\/\/clopyhotels.com\/en\/wp-json\/wp\/v2\/comments?post=3569"}],"version-history":[{"count":3,"href":"https:\/\/clopyhotels.com\/en\/wp-json\/wp\/v2\/pages\/3569\/revisions"}],"predecessor-version":[{"id":3572,"href":"https:\/\/clopyhotels.com\/en\/wp-json\/wp\/v2\/pages\/3569\/revisions\/3572"}],"wp:attachment":[{"href":"https:\/\/clopyhotels.com\/en\/wp-json\/wp\/v2\/media?parent=3569"}],"curies":[{"name":"wp","href":"https:\/\/api.w.org\/{rel}","templated":true}]}}